{"id":785,"date":"2022-01-27T12:58:33","date_gmt":"2022-01-27T12:58:33","guid":{"rendered":"https:\/\/liqway.com\/liqway-test-typography\/"},"modified":"2022-01-27T12:58:33","modified_gmt":"2022-01-27T12:58:33","slug":"liqway-test-typography","status":"publish","type":"page","link":"https:\/\/liqway.com\/en\/liqway-test-typography\/","title":{"rendered":"Liqway test typography"},"content":{"rendered":"<div class=\"wpb-content-wrapper\"><p>[vc_section][vc_row][vc_column][vc_column_text el_class=&#8221;menu-item&#8221;]<a href=\"#\">Liqway-metoden<\/a><\/p>\n<p><a href=\"#\">Munstycken<\/a><\/p>\n<p><a href=\"#\">Enkel fakturering<\/a><\/p>\n<p><a href=\"#\">Om oss<\/a><\/p>\n<p>[\/vc_column_text][\/vc_column][\/vc_row][\/vc_section][vc_row gap=&#8221;1&#8243; css=&#8221;.vc_custom_1625041227672{margin-top: 50px !important;margin-bottom: 50px !important;}&#8221;][vc_column width=&#8221;1\/4&#8243; el_class=&#8221;width-col&#8221;]<div class=\" vc_custom_1625208189105 ubtn-ctn-left b-pos\"><button type=\"button\" id=\"ubtn-3599\"  class=\"ubtn ult-adjust-bottom-margin ult-responsive ubtn-small ubtn-no-hover-bg  none  ubtn-left b-pos  tooltip-69f3c9f2b75c0\"  data-hover=\"#ffffff\" data-border-color=\"\" data-bg=\"#e0e0e0\" data-hover-bg=\"#020202\" data-border-hover=\"\" data-shadow-hover=\"\" data-shadow-click=\"none\" data-shadow=\"\" data-shd-shadow=\"\"  data-ultimate-target='#ubtn-3599'  data-responsive-json-new='{\"font-size\":\"\",\"line-height\":\"\"}'  style=\"font-weight:normal;border-radius:5px;border-width:0px;border-color:;border-style:solid;background: #e0e0e0;color: #000000;\"><span class=\"ubtn-hover\" style=\"background-color:#020202\"><\/span><span class=\"ubtn-data ubtn-text \" >Label<\/span><\/button><\/div><div class=\" ubtn-ctn-left b-neg\"><button type=\"button\" id=\"ubtn-8525\"  class=\"ubtn ult-adjust-bottom-margin ult-responsive ubtn-small ubtn-no-hover-bg  none  ubtn-left b-neg  tooltip-69f3c9f2b76d6\"  data-hover=\"#ffffff\" data-border-color=\"\" data-bg=\"#e0e0e0\" data-hover-bg=\"#020202\" data-border-hover=\"\" data-shadow-hover=\"\" data-shadow-click=\"none\" data-shadow=\"\" data-shd-shadow=\"\"  data-ultimate-target='#ubtn-8525'  data-responsive-json-new='{\"font-size\":\"\",\"line-height\":\"\"}'  style=\"font-weight:normal;border-radius:5px;border-width:0px;border-color:;border-style:solid;background: #e0e0e0;color: #000000;\"><span class=\"ubtn-hover\" style=\"background-color:#020202\"><\/span><span class=\"ubtn-data ubtn-text \" >Label<\/span><\/button><\/div><div class=\" ubtn-ctn-left b-pos-ghost\"><button type=\"button\" id=\"ubtn-6763\"  class=\"ubtn ult-adjust-bottom-margin ult-responsive ubtn-small ubtn-no-hover-bg  none  ubtn-left b-pos-ghost  tooltip-69f3c9f2b774d\"  data-hover=\"#ffffff\" data-border-color=\"\" data-bg=\"#e0e0e0\" data-hover-bg=\"#020202\" data-border-hover=\"\" data-shadow-hover=\"\" data-shadow-click=\"none\" data-shadow=\"\" data-shd-shadow=\"\"  data-ultimate-target='#ubtn-6763'  data-responsive-json-new='{\"font-size\":\"\",\"line-height\":\"\"}'  style=\"font-weight:normal;border-radius:5px;border-width:0px;border-color:;border-style:solid;background: #e0e0e0;color: #000000;\"><span class=\"ubtn-hover\" style=\"background-color:#020202\"><\/span><span class=\"ubtn-data ubtn-text \" >Label<\/span><\/button><\/div><div class=\" ubtn-ctn-left b-neg-ghost\"><button type=\"button\" id=\"ubtn-2283\"  class=\"ubtn ult-adjust-bottom-margin ult-responsive ubtn-small ubtn-no-hover-bg  none  ubtn-left b-neg-ghost  tooltip-69f3c9f2b77d6\"  data-hover=\"#020202\" data-border-color=\"\" data-bg=\"#e0e0e0\" data-hover-bg=\"#ffffff\" data-border-hover=\"\" data-shadow-hover=\"\" data-shadow-click=\"none\" data-shadow=\"\" data-shd-shadow=\"\"  data-ultimate-target='#ubtn-2283'  data-responsive-json-new='{\"font-size\":\"\",\"line-height\":\"\"}'  style=\"font-weight:normal;border-radius:5px;border-width:0px;border-color:;border-style:solid;background: #e0e0e0;color: #000000;\"><span class=\"ubtn-hover\" style=\"background-color:#ffffff\"><\/span><span class=\"ubtn-data ubtn-text \" >Label<\/span><\/button><\/div>[\/vc_column][vc_column width=&#8221;1\/4&#8243; el_class=&#8221;width-col&#8221;][\/vc_column][vc_column width=&#8221;1\/4&#8243; el_class=&#8221;width-col&#8221;][\/vc_column][vc_column width=&#8221;1\/4&#8243; el_class=&#8221;width-col&#8221;][\/vc_column][\/vc_row][vc_row css=&#8221;.vc_custom_1625041556058{margin-bottom: 50px !important;}&#8221;][vc_column width=&#8221;1\/4&#8243; el_class=&#8221;width-col-small&#8221;]<div class=\" ubtn-ctn-left b-pos-small b-small\"><button type=\"button\" id=\"ubtn-3648\"  class=\"ubtn ult-adjust-bottom-margin ult-responsive ubtn-small ubtn-no-hover-bg  none  ubtn-left b-pos-small b-small  tooltip-69f3c9f2b7842\"  data-hover=\"#ffffff\" data-border-color=\"\" data-bg=\"#e0e0e0\" data-hover-bg=\"#020202\" data-border-hover=\"\" data-shadow-hover=\"\" data-shadow-click=\"none\" data-shadow=\"\" data-shd-shadow=\"\"  data-ultimate-target='#ubtn-3648'  data-responsive-json-new='{\"font-size\":\"\",\"line-height\":\"\"}'  style=\"font-weight:normal;border-radius:10px;border-width:0px;border-color:;border-style:solid;background: #e0e0e0;color: #000000;\"><span class=\"ubtn-hover\" style=\"background-color:#020202\"><\/span><span class=\"ubtn-data ubtn-text \" >Label<\/span><\/button><\/div><div class=\" ubtn-ctn-left b-neg-small\"><button type=\"button\" id=\"ubtn-7322\"  class=\"ubtn ult-adjust-bottom-margin ult-responsive ubtn-small ubtn-no-hover-bg  none  ubtn-left b-neg-small  tooltip-69f3c9f2b78aa\"  data-hover=\"#ffffff\" data-border-color=\"\" data-bg=\"#e0e0e0\" data-hover-bg=\"#020202\" data-border-hover=\"\" data-shadow-hover=\"\" data-shadow-click=\"none\" data-shadow=\"\" data-shd-shadow=\"\"  data-ultimate-target='#ubtn-7322'  data-responsive-json-new='{\"font-size\":\"\",\"line-height\":\"\"}'  style=\"font-weight:normal;border-radius:10px;border-width:0px;border-color:;border-style:solid;background: #e0e0e0;color: #000000;\"><span class=\"ubtn-hover\" style=\"background-color:#020202\"><\/span><span class=\"ubtn-data ubtn-text \" >Label<\/span><\/button><\/div><div class=\" ubtn-ctn-left b-pos-ghost-small\"><button type=\"button\" id=\"ubtn-8989\"  class=\"ubtn ult-adjust-bottom-margin ult-responsive ubtn-small ubtn-no-hover-bg  none  ubtn-left b-pos-ghost-small  tooltip-69f3c9f2b7926\"  data-hover=\"#ffffff\" data-border-color=\"\" data-bg=\"#e0e0e0\" data-hover-bg=\"#020202\" data-border-hover=\"\" data-shadow-hover=\"\" data-shadow-click=\"none\" data-shadow=\"\" data-shd-shadow=\"\"  data-ultimate-target='#ubtn-8989'  data-responsive-json-new='{\"font-size\":\"\",\"line-height\":\"\"}'  style=\"font-weight:normal;border-radius:10px;border-width:0px;border-color:;border-style:solid;background: #e0e0e0;color: #000000;\"><span class=\"ubtn-hover\" style=\"background-color:#020202\"><\/span><span class=\"ubtn-data ubtn-text \" >Label<\/span><\/button><\/div><div class=\" ubtn-ctn-left b-neg-ghost-small\"><button type=\"button\" id=\"ubtn-5525\"  class=\"ubtn ult-adjust-bottom-margin ult-responsive ubtn-small ubtn-no-hover-bg  none  ubtn-left b-neg-ghost-small  tooltip-69f3c9f2b79af\"  data-hover=\"#020202\" data-border-color=\"\" data-bg=\"#e0e0e0\" data-hover-bg=\"#ffffff\" data-border-hover=\"\" data-shadow-hover=\"\" data-shadow-click=\"none\" data-shadow=\"\" data-shd-shadow=\"\"  data-ultimate-target='#ubtn-5525'  data-responsive-json-new='{\"font-size\":\"\",\"line-height\":\"\"}'  style=\"font-weight:normal;border-radius:10px;border-width:0px;border-color:;border-style:solid;background: #e0e0e0;color: #000000;\"><span class=\"ubtn-hover\" style=\"background-color:#ffffff\"><\/span><span class=\"ubtn-data ubtn-text \" >Label<\/span><\/button><\/div>[\/vc_column][vc_column width=&#8221;1\/4&#8243; el_class=&#8221;width-col-small&#8221;][\/vc_column][vc_column width=&#8221;1\/4&#8243; el_class=&#8221;width-col-small&#8221;][\/vc_column][vc_column width=&#8221;1\/4&#8243; el_class=&#8221;width-col-small&#8221;][\/vc_column][\/vc_row][vc_row][vc_column][vc_custom_heading text=&#8221;short h4 headline&#8221; font_container=&#8221;tag:h4|text_align:left&#8221; use_theme_fonts=&#8221;yes&#8221; el_class=&#8221;h4-mini-mono&#8221;][\/vc_column][\/vc_row][vc_row][vc_column][vc_custom_heading text=&#8221;Grafij ysk Grafisk in a h1 headline that is long elhnough to wrap&#8221; font_container=&#8221;tag:h1|text_align:left&#8221; use_theme_fonts=&#8221;yes&#8221; el_class=&#8221;h1-bold&#8221;][\/vc_column][\/vc_row][vc_row][vc_column][vc_column_text el_class=&#8221;p-bodycopy&#8221;]<\/p>\n<p>Paragraph Lorem ipsum dolor sit amet consectetur adipisicing elit. Saepe, dicta pariatur expedita obcaecati ipsa cupiditate officiis magni nam mollitia unde optio sit aliquid porro perferendis ducimus eius. Suscipit, minus dicta.<\/p>\n<p>[\/vc_column_text][\/vc_column][\/vc_row][vc_row][vc_column][vc_custom_heading text=&#8221;H2 headline with text that spans several rows since, you know, its an extremely long one&#8221; use_theme_fonts=&#8221;yes&#8221; el_class=&#8221;h2-inline&#8221;][\/vc_column][\/vc_row][vc_row][vc_column][vc_column_text el_class=&#8221;p-intro&#8221;]<\/p>\n<p>Lorem ipsum dolor sit amet consectetur adipisicing elit. Saepe, dicta pariatur expedita obcaecati ipsa cupiditate officiis magni nam mollitia unde optio sit aliquid porro perferendis ducimus eius. Suscipit, minus dicta.<\/p>\n<p>[\/vc_column_text][\/vc_column][\/vc_row][vc_row][vc_column][vc_column_text el_class=&#8221;p-bodycopy&#8221;]<\/p>\n<p>Lorem ipsum dolor sit amet consectetur adipisicing elit. Saepe, dicta pariatur expedita obcaecati ipsa cupiditate officiis magni nam mollitia unde optio sit aliquid porro perferendis ducimus eius. Suscipit, minus dicta.<\/p>\n<p>[\/vc_column_text][\/vc_column][\/vc_row][vc_row][vc_column][vc_custom_heading text=&#8221;Yet another H2 headline too long for comport&#8221; use_theme_fonts=&#8221;yes&#8221; el_class=&#8221;h2-inline&#8221;][\/vc_column][\/vc_row][vc_row][vc_column][vc_column_text el_class=&#8221;p-bodycopy&#8221;]<\/p>\n<p>Lorem ipsum dolor sit amet consectetur adipisicing elit. Saepe, dicta pariatur expedita obcaecati ipsa cupiditate officiis magni nam mollitia unde optio sit aliquid porro perferendis ducimus eius. Suscipit, minus dicta.<\/p>\n<p>[\/vc_column_text][\/vc_column][\/vc_row][vc_row][vc_column][vc_column_text el_class=&#8221;p-bodycopy&#8221;]<\/p>\n<p>Saepe, dicta pariatur expedita obcaecati ipsa cupiditate officiis magni nam mollitia unde optio sit aliquid porro perferendis ducimus eius. Suscipit, minus dicta. Lorem ipsum dolor sit amet consectetur adipisicing elit.<\/p>\n<p>[\/vc_column_text][\/vc_column][\/vc_row][vc_section el_class=&#8221;s-pad-all bg-pastelgreen&#8221;][vc_row][vc_column][vc_column_text el_class=&#8221;p-infotext&#8221;]<\/p>\n<p>Lorem ipsum dolor sit amet consectetur adipisicing elit. Saepe, dicta pariatur expedita obcaecati ipsa cupiditate officiis magni nam mollitia unde optio sit aliquid porro perferendis ducimus eius. Suscipit, minus dicta.<\/p>\n<p>[\/vc_column_text][\/vc_column][\/vc_row][vc_row][vc_column][vc_column_text el_class=&#8221;p-infotext&#8221;]<\/p>\n<p>Lorem ipsum dolor sit amet consectetur adipisicing elit. Saepe, dicta pariatur expedita obcaecati ipsa cupiditate officiis magni nam mollitia unde optio sit aliquid porro perferendis ducimus eius. Suscipit, minus dicta.<\/p>\n<p>[\/vc_column_text][\/vc_column][\/vc_row][\/vc_section][vc_row][vc_column][vc_column_text el_class=&#8221;p-bodycopy&#8221;]<\/p>\n<p>Saepe, dicta pariatur expedita obcaecati ipsa cupiditate officiis magni nam mollitia unde optio sit aliquid porro perferendis ducimus eius. Suscipit, minus dicta. Lorem ipsum dolor sit amet consectetur adipisicing elit.<\/p>\n<p>[\/vc_column_text][\/vc_column][\/vc_row][vc_row][vc_column][vc_custom_heading text=&#8221;Short H2&#8243; use_theme_fonts=&#8221;yes&#8221; el_class=&#8221;h2-inline&#8221;][\/vc_column][\/vc_row][vc_row][vc_column][vc_column_text el_class=&#8221;p-bodycopy&#8221;]<\/p>\n<p>Lorem ipsum dolor sit amet consectetur adipisicing elit. Saepe, dicta pariatur expedita obcaecati ipsa cupiditate officiis magni nam mollitia unde optio sit aliquid porro perferendis ducimus eius. Suscipit, minus dicta.<\/p>\n<p>[\/vc_column_text][\/vc_column][\/vc_row][vc_section el_class=&#8221;s-pad-all&#8221;][vc_row][vc_column][vc_custom_heading text=&#8221;Quotes from our customers&#8221; font_container=&#8221;tag:h4|text_align:left&#8221; use_theme_fonts=&#8221;yes&#8221; el_class=&#8221;h4-mini-mono&#8221;][\/vc_column][\/vc_row][vc_row][vc_column][vc_column_text el_class=&#8221;p-quote&#8221;]<\/p>\n<p>Fyra timmar avbrottstid sparades in vid ett underh\u00e5llsarbete p\u00e5 en fj\u00e4rrv\u00e4rmeledning DN250. Genom att anv\u00e4nda DryWeld beh\u00f6vde vi inte ut\u00f6ka avst\u00e4ngningsomr\u00e5det. Resultatet av att anv\u00e4nda DryWeld ger m\u00e5nga f\u00f6rdelar f\u00f6r distribut\u00f6ren, projekt\u00f6ren, entrepren\u00f6ren och fj\u00e4rrv\u00e4rmekunden.<\/p>\n<p>[\/vc_column_text][\/vc_column][\/vc_row][vc_row][vc_column][vc_column_text el_class=&#8221;p-name&#8221;]<\/p>\n<p>Lars Thorell<\/p>\n<p>[\/vc_column_text][\/vc_column][\/vc_row][vc_row][vc_column][vc_column_text el_class=&#8221;p-title&#8221;]<\/p>\n<p>Underh\u00e5llssamordnare Distribution &amp; Optimisation Stockholm<\/p>\n<p>[\/vc_column_text][\/vc_column][\/vc_row][vc_row][vc_column][vc_column_text el_class=&#8221;p-title&#8221;]<\/p>\n<p>E.ON Energil\u00f6sningar AB<\/p>\n<p>[\/vc_column_text][\/vc_column][\/vc_row][\/vc_section][vc_row][vc_column][vc_column_text el_class=&#8221;p-bodycopy&#8221;]<\/p>\n<p>Saepe, dicta pariatur expedita obcaecati ipsa cupiditate officiis magni nam mollitia unde optio sit aliquid porro perferendis ducimus eius. Suscipit, minus dicta. Lorem ipsum dolor sit amet consectetur adipisicing elit.<\/p>\n<p>[\/vc_column_text][\/vc_column][\/vc_row][vc_row][vc_column][vc_custom_heading text=&#8221;H3 headline broken on two lines&#8221; font_container=&#8221;tag:h3|text_align:left&#8221; use_theme_fonts=&#8221;yes&#8221; el_class=&#8221;h3-inline&#8221;][\/vc_column][\/vc_row][vc_row][vc_column][vc_column_text el_class=&#8221;p-bodycopy&#8221;]<\/p>\n<p>Lorem ipsum dolor sit amet consectetur adipisicing elit. Saepe, dicta pariatur expedita obcaecati ipsa cupiditate officiis magni nam mollitia unde optio sit aliquid porro perferendis ducimus eius. Suscipit, minus dicta.<\/p>\n<p>[\/vc_column_text][\/vc_column][\/vc_row]<\/p>\n<\/div>","protected":false},"excerpt":{"rendered":"<p>[vc_section][vc_row][vc_column][vc_column_text el_class=&#8221;menu-item&#8221;]Liqway-metoden Munstycken Enkel fakturering Om oss [\/vc_column_text][\/vc_column][\/vc_row][\/vc_section][vc_row gap=&#8221;1&#8243; css=&#8221;.vc_custom_1625041227672{margin-top: 50px !important;margin-bottom: 50px !important;}&#8221;][vc_column width=&#8221;1\/4&#8243; el_class=&#8221;width-col&#8221;][\/vc_column][vc_column width=&#8221;1\/4&#8243; el_class=&#8221;width-col&#8221;][\/vc_column][vc_column width=&#8221;1\/4&#8243; el_class=&#8221;width-col&#8221;][\/vc_column][vc_column width=&#8221;1\/4&#8243; el_class=&#8221;width-col&#8221;][\/vc_column][\/vc_row][vc_row css=&#8221;.vc_custom_1625041556058{margin-bottom: 50px !important;}&#8221;][vc_column width=&#8221;1\/4&#8243; el_class=&#8221;width-col-small&#8221;][\/vc_column][vc_column width=&#8221;1\/4&#8243; el_class=&#8221;width-col-small&#8221;][\/vc_column][vc_column width=&#8221;1\/4&#8243; el_class=&#8221;width-col-small&#8221;][\/vc_column][vc_column width=&#8221;1\/4&#8243; el_class=&#8221;width-col-small&#8221;][\/vc_column][\/vc_row][vc_row][vc_column][vc_custom_heading text=&#8221;short h4 headline&#8221; font_container=&#8221;tag:h4|text_align:left&#8221; use_theme_fonts=&#8221;yes&#8221; el_class=&#8221;h4-mini-mono&#8221;][\/vc_column][\/vc_row][vc_row][vc_column][vc_custom_heading text=&#8221;Grafij ysk Grafisk in a h1 headline that is long elhnough to wrap&#8221; font_container=&#8221;tag:h1|text_align:left&#8221; use_theme_fonts=&#8221;yes&#8221; el_class=&#8221;h1-bold&#8221;][\/vc_column][\/vc_row][vc_row][vc_column][vc_column_text&hellip;<\/p>\n","protected":false},"author":1,"featured_media":0,"parent":0,"menu_order":0,"comment_status":"closed","ping_status":"closed","template":"","meta":{"footnotes":""},"class_list":["post-785","page","type-page","status-publish","hentry","description-off"],"yoast_head":"<!-- This site is optimized with the Yoast SEO plugin v27.5 - https:\/\/yoast.com\/product\/yoast-seo-wordpress\/ -->\n<title>Liqway test typography - Liqway<\/title>\n<meta name=\"robots\" content=\"index, follow, max-snippet:-1, max-image-preview:large, max-video-preview:-1\" \/>\n<link rel=\"canonical\" href=\"https:\/\/liqway.com\/liqway-test-typography\/\" \/>\n<meta property=\"og:locale\" content=\"en_US\" \/>\n<meta property=\"og:type\" content=\"article\" \/>\n<meta property=\"og:title\" content=\"Liqway test typography - Liqway\" \/>\n<meta property=\"og:description\" content=\"[vc_section][vc_row][vc_column][vc_column_text el_class=&#8221;menu-item&#8221;]Liqway-metoden Munstycken Enkel fakturering Om oss [\/vc_column_text][\/vc_column][\/vc_row][\/vc_section][vc_row gap=&#8221;1&#8243; css=&#8221;.vc_custom_1625041227672{margin-top: 50px !important;margin-bottom: 50px !important;}&#8221;][vc_column width=&#8221;1\/4&#8243; el_class=&#8221;width-col&#8221;][\/vc_column][vc_column width=&#8221;1\/4&#8243; el_class=&#8221;width-col&#8221;][\/vc_column][vc_column width=&#8221;1\/4&#8243; el_class=&#8221;width-col&#8221;][\/vc_column][vc_column width=&#8221;1\/4&#8243; el_class=&#8221;width-col&#8221;][\/vc_column][\/vc_row][vc_row css=&#8221;.vc_custom_1625041556058{margin-bottom: 50px !important;}&#8221;][vc_column width=&#8221;1\/4&#8243; el_class=&#8221;width-col-small&#8221;][\/vc_column][vc_column width=&#8221;1\/4&#8243; el_class=&#8221;width-col-small&#8221;][\/vc_column][vc_column width=&#8221;1\/4&#8243; el_class=&#8221;width-col-small&#8221;][\/vc_column][vc_column width=&#8221;1\/4&#8243; el_class=&#8221;width-col-small&#8221;][\/vc_column][\/vc_row][vc_row][vc_column][vc_custom_heading text=&#8221;short h4 headline&#8221; font_container=&#8221;tag:h4|text_align:left&#8221; use_theme_fonts=&#8221;yes&#8221; el_class=&#8221;h4-mini-mono&#8221;][\/vc_column][\/vc_row][vc_row][vc_column][vc_custom_heading text=&#8221;Grafij ysk Grafisk in a h1 headline that is long elhnough to wrap&#8221; font_container=&#8221;tag:h1|text_align:left&#8221; use_theme_fonts=&#8221;yes&#8221; el_class=&#8221;h1-bold&#8221;][\/vc_column][\/vc_row][vc_row][vc_column][vc_column_text&hellip;\" \/>\n<meta property=\"og:url\" content=\"https:\/\/liqway.com\/liqway-test-typography\/\" \/>\n<meta property=\"og:site_name\" content=\"Liqway\" \/>\n<meta name=\"twitter:card\" content=\"summary_large_image\" \/>\n<meta name=\"twitter:label1\" content=\"Est. reading time\" \/>\n\t<meta name=\"twitter:data1\" content=\"6 minutes\" \/>\n<script type=\"application\/ld+json\" class=\"yoast-schema-graph\">{\"@context\":\"https:\\\/\\\/schema.org\",\"@graph\":[{\"@type\":\"WebPage\",\"@id\":\"https:\\\/\\\/liqway.com\\\/liqway-test-typography\\\/\",\"url\":\"https:\\\/\\\/liqway.com\\\/liqway-test-typography\\\/\",\"name\":\"Liqway test typography - Liqway\",\"isPartOf\":{\"@id\":\"https:\\\/\\\/liqway.com\\\/#website\"},\"datePublished\":\"2022-01-27T12:58:33+00:00\",\"breadcrumb\":{\"@id\":\"https:\\\/\\\/liqway.com\\\/liqway-test-typography\\\/#breadcrumb\"},\"inLanguage\":\"en-US\",\"potentialAction\":[{\"@type\":\"ReadAction\",\"target\":[\"https:\\\/\\\/liqway.com\\\/liqway-test-typography\\\/\"]}]},{\"@type\":\"BreadcrumbList\",\"@id\":\"https:\\\/\\\/liqway.com\\\/liqway-test-typography\\\/#breadcrumb\",\"itemListElement\":[{\"@type\":\"ListItem\",\"position\":1,\"name\":\"Home\",\"item\":\"https:\\\/\\\/liqway.com\\\/\"},{\"@type\":\"ListItem\",\"position\":2,\"name\":\"Liqway test typography\"}]},{\"@type\":\"WebSite\",\"@id\":\"https:\\\/\\\/liqway.com\\\/#website\",\"url\":\"https:\\\/\\\/liqway.com\\\/\",\"name\":\"Liqway\",\"description\":\"\",\"potentialAction\":[{\"@type\":\"SearchAction\",\"target\":{\"@type\":\"EntryPoint\",\"urlTemplate\":\"https:\\\/\\\/liqway.com\\\/?s={search_term_string}\"},\"query-input\":{\"@type\":\"PropertyValueSpecification\",\"valueRequired\":true,\"valueName\":\"search_term_string\"}}],\"inLanguage\":\"en-US\"}]}<\/script>\n<!-- \/ Yoast SEO plugin. -->","yoast_head_json":{"title":"Liqway test typography - Liqway","robots":{"index":"index","follow":"follow","max-snippet":"max-snippet:-1","max-image-preview":"max-image-preview:large","max-video-preview":"max-video-preview:-1"},"canonical":"https:\/\/liqway.com\/liqway-test-typography\/","og_locale":"en_US","og_type":"article","og_title":"Liqway test typography - Liqway","og_description":"[vc_section][vc_row][vc_column][vc_column_text el_class=&#8221;menu-item&#8221;]Liqway-metoden Munstycken Enkel fakturering Om oss [\/vc_column_text][\/vc_column][\/vc_row][\/vc_section][vc_row gap=&#8221;1&#8243; css=&#8221;.vc_custom_1625041227672{margin-top: 50px !important;margin-bottom: 50px !important;}&#8221;][vc_column width=&#8221;1\/4&#8243; el_class=&#8221;width-col&#8221;][\/vc_column][vc_column width=&#8221;1\/4&#8243; el_class=&#8221;width-col&#8221;][\/vc_column][vc_column width=&#8221;1\/4&#8243; el_class=&#8221;width-col&#8221;][\/vc_column][vc_column width=&#8221;1\/4&#8243; el_class=&#8221;width-col&#8221;][\/vc_column][\/vc_row][vc_row css=&#8221;.vc_custom_1625041556058{margin-bottom: 50px !important;}&#8221;][vc_column width=&#8221;1\/4&#8243; el_class=&#8221;width-col-small&#8221;][\/vc_column][vc_column width=&#8221;1\/4&#8243; el_class=&#8221;width-col-small&#8221;][\/vc_column][vc_column width=&#8221;1\/4&#8243; el_class=&#8221;width-col-small&#8221;][\/vc_column][vc_column width=&#8221;1\/4&#8243; el_class=&#8221;width-col-small&#8221;][\/vc_column][\/vc_row][vc_row][vc_column][vc_custom_heading text=&#8221;short h4 headline&#8221; font_container=&#8221;tag:h4|text_align:left&#8221; use_theme_fonts=&#8221;yes&#8221; el_class=&#8221;h4-mini-mono&#8221;][\/vc_column][\/vc_row][vc_row][vc_column][vc_custom_heading text=&#8221;Grafij ysk Grafisk in a h1 headline that is long elhnough to wrap&#8221; font_container=&#8221;tag:h1|text_align:left&#8221; use_theme_fonts=&#8221;yes&#8221; el_class=&#8221;h1-bold&#8221;][\/vc_column][\/vc_row][vc_row][vc_column][vc_column_text&hellip;","og_url":"https:\/\/liqway.com\/liqway-test-typography\/","og_site_name":"Liqway","twitter_card":"summary_large_image","twitter_misc":{"Est. reading time":"6 minutes"},"schema":{"@context":"https:\/\/schema.org","@graph":[{"@type":"WebPage","@id":"https:\/\/liqway.com\/liqway-test-typography\/","url":"https:\/\/liqway.com\/liqway-test-typography\/","name":"Liqway test typography - Liqway","isPartOf":{"@id":"https:\/\/liqway.com\/#website"},"datePublished":"2022-01-27T12:58:33+00:00","breadcrumb":{"@id":"https:\/\/liqway.com\/liqway-test-typography\/#breadcrumb"},"inLanguage":"en-US","potentialAction":[{"@type":"ReadAction","target":["https:\/\/liqway.com\/liqway-test-typography\/"]}]},{"@type":"BreadcrumbList","@id":"https:\/\/liqway.com\/liqway-test-typography\/#breadcrumb","itemListElement":[{"@type":"ListItem","position":1,"name":"Home","item":"https:\/\/liqway.com\/"},{"@type":"ListItem","position":2,"name":"Liqway test typography"}]},{"@type":"WebSite","@id":"https:\/\/liqway.com\/#website","url":"https:\/\/liqway.com\/","name":"Liqway","description":"","potentialAction":[{"@type":"SearchAction","target":{"@type":"EntryPoint","urlTemplate":"https:\/\/liqway.com\/?s={search_term_string}"},"query-input":{"@type":"PropertyValueSpecification","valueRequired":true,"valueName":"search_term_string"}}],"inLanguage":"en-US"}]}},"_links":{"self":[{"href":"https:\/\/liqway.com\/en\/wp-json\/wp\/v2\/pages\/785","targetHints":{"allow":["GET"]}}],"collection":[{"href":"https:\/\/liqway.com\/en\/wp-json\/wp\/v2\/pages"}],"about":[{"href":"https:\/\/liqway.com\/en\/wp-json\/wp\/v2\/types\/page"}],"author":[{"embeddable":true,"href":"https:\/\/liqway.com\/en\/wp-json\/wp\/v2\/users\/1"}],"replies":[{"embeddable":true,"href":"https:\/\/liqway.com\/en\/wp-json\/wp\/v2\/comments?post=785"}],"version-history":[{"count":1,"href":"https:\/\/liqway.com\/en\/wp-json\/wp\/v2\/pages\/785\/revisions"}],"predecessor-version":[{"id":798,"href":"https:\/\/liqway.com\/en\/wp-json\/wp\/v2\/pages\/785\/revisions\/798"}],"wp:attachment":[{"href":"https:\/\/liqway.com\/en\/wp-json\/wp\/v2\/media?parent=785"}],"curies":[{"name":"wp","href":"https:\/\/api.w.org\/{rel}","templated":true}]}}